{"id":797,"date":"2022-05-18T14:21:21","date_gmt":"2022-05-18T14:21:21","guid":{"rendered":"https:\/\/studyabroadta.com\/?page_id=797"},"modified":"2022-05-30T14:45:21","modified_gmt":"2022-05-30T14:45:21","slug":"contact","status":"publish","type":"page","link":"https:\/\/studyabroadta.com\/es\/contact","title":{"rendered":"Contacto"},"content":{"rendered":"<div data-elementor-type=\"wp-page\" data-elementor-id=\"797\" class=\"elementor elementor-797\">\n\t\t\t\t\t\t\t\t\t<section class=\"elementor-section elementor-top-section elementor-element elementor-element-0424ccf elementor-section-stretched elementor-section-boxed elementor-section-height-default elementor-section-height-default\" data-id=\"0424ccf\" data-element_type=\"section\" data-settings=\"{&quot;stretch_section&quot;:&quot;section-stretched&quot;}\">\n\t\t\t\t\t\t<div class=\"elementor-container elementor-column-gap-default\">\n\t\t\t\t\t<div class=\"elementor-column elementor-col-100 elementor-top-column elementor-element elementor-element-4255677\" data-id=\"4255677\" data-element_type=\"column\">\n\t\t\t<div class=\"elementor-widget-wrap elementor-element-populated\">\n\t\t\t\t\t\t\t\t<div class=\"elementor-element elementor-element-4d0e233 elementor-widget elementor-widget-heading\" data-id=\"4d0e233\" data-element_type=\"widget\" data-widget_type=\"heading.default\">\n\t\t\t\t<div class=\"elementor-widget-container\">\n\t\t\t<style>\/*! elementor - v3.15.0 - 20-08-2023 *\/\n.elementor-heading-title{padding:0;margin:0;line-height:1}.elementor-widget-heading .elementor-heading-title[class*=elementor-size-]>a{color:inherit;font-size:inherit;line-height:inherit}.elementor-widget-heading .elementor-heading-title.elementor-size-small{font-size:15px}.elementor-widget-heading .elementor-heading-title.elementor-size-medium{font-size:19px}.elementor-widget-heading .elementor-heading-title.elementor-size-large{font-size:29px}.elementor-widget-heading .elementor-heading-title.elementor-size-xl{font-size:39px}.elementor-widget-heading .elementor-heading-title.elementor-size-xxl{font-size:59px}<\/style><h4 class=\"elementor-heading-title elementor-size-default\">Contacta con nosotros<\/h4>\t\t<\/div>\n\t\t\t\t<\/div>\n\t\t\t\t<div class=\"elementor-element elementor-element-fd6d911 elementor-widget__width-initial elementor-widget elementor-widget-text-editor\" data-id=\"fd6d911\" data-element_type=\"widget\" data-widget_type=\"text-editor.default\">\n\t\t\t\t<div class=\"elementor-widget-container\">\n\t\t\t<style>\/*! elementor - v3.15.0 - 20-08-2023 *\/\n.elementor-widget-text-editor.elementor-drop-cap-view-stacked .elementor-drop-cap{background-color:#69727d;color:#fff}.elementor-widget-text-editor.elementor-drop-cap-view-framed .elementor-drop-cap{color:#69727d;border:3px solid;background-color:transparent}.elementor-widget-text-editor:not(.elementor-drop-cap-view-default) .elementor-drop-cap{margin-top:8px}.elementor-widget-text-editor:not(.elementor-drop-cap-view-default) .elementor-drop-cap-letter{width:1em;height:1em}.elementor-widget-text-editor .elementor-drop-cap{float:left;text-align:center;line-height:1;font-size:50px}.elementor-widget-text-editor .elementor-drop-cap-letter{display:inline-block}<\/style>\t\t\t\t<div class=\"\" data-block=\"true\" data-editor=\"3jh6k\" data-offset-key=\"8nm3s-0-0\"><div class=\"_1mf _1mj\" data-offset-key=\"8nm3s-0-0\">Si deseas consultar o recibir m\u00e1s informaci\u00f3n sobre nuestros viajes o tienes alguna duda al respecto, no dudes en solicitar m\u00e1s informaci\u00f3n y contactaremos con la mayor brevedad.<\/div><\/div><div class=\"\" data-block=\"true\" data-editor=\"3jh6k\" data-offset-key=\"cvio4-0-0\">\u00a0<\/div><div class=\"\" data-block=\"true\" data-editor=\"3jh6k\" data-offset-key=\"5g5bh-0-0\"><div class=\"_1mf _1mj\" data-offset-key=\"5g5bh-0-0\">\u00a0<\/div><\/div><div dir=\"ltr\">\u00a0<\/div>\t\t\t\t\t\t<\/div>\n\t\t\t\t<\/div>\n\t\t\t\t\t<\/div>\n\t\t<\/div>\n\t\t\t\t\t\t\t<\/div>\n\t\t<\/section>\n\t\t\t\t<section class=\"elementor-section elementor-top-section elementor-element elementor-element-ee4b3e1 elementor-section-stretched elementor-section-boxed elementor-section-height-default elementor-section-height-default\" data-id=\"ee4b3e1\" data-element_type=\"section\" data-settings=\"{&quot;stretch_section&quot;:&quot;section-stretched&quot;}\">\n\t\t\t\t\t\t<div class=\"elementor-container elementor-column-gap-default\">\n\t\t\t\t\t<div class=\"elementor-column elementor-col-100 elementor-top-column elementor-element elementor-element-7183530\" data-id=\"7183530\" data-element_type=\"column\">\n\t\t\t<div class=\"elementor-widget-wrap elementor-element-populated\">\n\t\t\t\t\t\t\t\t<div class=\"elementor-element elementor-element-de58410 elementor-widget elementor-widget-shortcode\" data-id=\"de58410\" data-element_type=\"widget\" data-widget_type=\"shortcode.default\">\n\t\t\t\t<div class=\"elementor-widget-container\">\n\t\t\t\t\t<div class=\"elementor-shortcode\"><div class=\"wpforms-container wpforms-container-full\" id=\"wpforms-794\"><form id=\"wpforms-form-794\" class=\"wpforms-validate wpforms-form wpforms-ajax-form\" data-formid=\"794\" method=\"post\" enctype=\"multipart\/form-data\" action=\"\/es\/wp-json\/wp\/v2\/pages\/797\" data-token=\"282efc810acf353cb63ae7813f01ff7d\" data-trp-original-action=\"\/es\/wp-json\/wp\/v2\/pages\/797\"><noscript class=\"wpforms-error-noscript\">Por favor, activa JavaScript en tu navegador para completar este formulario.<\/noscript><div class=\"wpforms-field-container\"><div id=\"wpforms-794-field_1-container\" class=\"wpforms-field wpforms-field-text\" data-field-id=\"1\"><label class=\"wpforms-field-label\" for=\"wpforms-794-field_1\">Tu nombre <span class=\"wpforms-required-label\">*<\/span><\/label><input type=\"text\" id=\"wpforms-794-field_1\" class=\"wpforms-field-medium wpforms-field-required\" name=\"wpforms[fields][1]\" required><\/div><div id=\"wpforms-794-field_6-container\" class=\"wpforms-field wpforms-field-email\" data-field-id=\"6\"><label class=\"wpforms-field-label\" for=\"wpforms-794-field_6\">Tu correo electr\u00f3nico <span class=\"wpforms-required-label\">*<\/span><\/label><input type=\"email\" id=\"wpforms-794-field_6\" class=\"wpforms-field-medium wpforms-field-required\" name=\"wpforms[fields][6]\" spellcheck=\"false\" required><\/div><div id=\"wpforms-794-field_8-container\" class=\"wpforms-field wpforms-field-text\" data-field-id=\"8\"><label class=\"wpforms-field-label\" for=\"wpforms-794-field_8\">Pa\u00eds \/ Estado <span class=\"wpforms-required-label\">*<\/span><\/label><input type=\"text\" id=\"wpforms-794-field_8\" class=\"wpforms-field-medium wpforms-field-required\" name=\"wpforms[fields][8]\" required><\/div><div id=\"wpforms-794-field_3-container\" class=\"wpforms-field wpforms-field-text\" data-field-id=\"3\"><label class=\"wpforms-field-label\" for=\"wpforms-794-field_3\">Tel\u00e9fono<\/label><input type=\"text\" id=\"wpforms-794-field_3\" class=\"wpforms-field-medium\" name=\"wpforms[fields][3]\" ><\/div><div id=\"wpforms-794-field_4-container\" class=\"wpforms-field wpforms-field-textarea\" data-field-id=\"4\"><label class=\"wpforms-field-label\" for=\"wpforms-794-field_4\">Cu\u00e9ntanos tus dudas<\/label><textarea id=\"wpforms-794-field_4\" class=\"wpforms-field-medium\" name=\"wpforms[fields][4]\" ><\/textarea><\/div><div id=\"wpforms-794-field_5-container\" class=\"wpforms-field wpforms-field-select wpforms-field-select-style-classic\" data-field-id=\"5\"><label class=\"wpforms-field-label\" for=\"wpforms-794-field_5\">Viaje sobre el que quiero conocer m\u00e1s<\/label><select id=\"wpforms-794-field_5\" class=\"wpforms-field-medium\" name=\"wpforms[fields][5]\"><option value=\"Andalucia &amp; The Kingdom of Murcia\" >Andalucia &amp; The Kingdom of Murcia<\/option><\/select><\/div><\/div><!-- .wpforms-field-container --><div class=\"wpforms-submit-container\" ><input type=\"hidden\" name=\"wpforms[id]\" value=\"794\"><input type=\"hidden\" name=\"wpforms[author]\" value=\"1\"><button type=\"submit\" name=\"wpforms[submit]\" id=\"wpforms-submit-794\" class=\"wpforms-submit\" data-alt-text=\"Sending...\" data-submit-text=\"Send\" aria-live=\"assertive\" value=\"wpforms-submit\">Enviar<\/button><img decoding=\"async\" loading=\"lazy\" src=\"https:\/\/studyabroadta.com\/wp-content\/plugins\/wpforms-lite\/assets\/images\/submit-spin.svg\" class=\"wpforms-submit-spinner\" style=\"display: none;\" width=\"26\" height=\"26\" alt=\"Cargando\"><\/div><input type=\"hidden\" name=\"trp-form-language\" value=\"es\"\/><\/form><\/div>  <!-- .wpforms-container --><\/div>\n\t\t\t\t<\/div>\n\t\t\t\t<\/div>\n\t\t\t\t\t<\/div>\n\t\t<\/div>\n\t\t\t\t\t\t\t<\/div>\n\t\t<\/section>\n\t\t\t\t\t\t\t<\/div>","protected":false},"excerpt":{"rendered":"<p>Contact Us If you want to consult or receive more information about our trips or have any questions about it, [&hellip;]<\/p>","protected":false},"author":1,"featured_media":0,"parent":0,"menu_order":0,"comment_status":"closed","ping_status":"closed","template":"","meta":{"footnotes":""},"yoast_head":"<!-- This site is optimized with the Yoast SEO plugin v21.1 - https:\/\/yoast.com\/wordpress\/plugins\/seo\/ -->\n<title>Contact - STUDY ABROAD TA<\/title>\n<meta name=\"description\" content=\"Study Abroad TA is a Tour Operator dedicated to creating educational experiences for youth in Europe and the Iberian Peninsula.\" \/>\n<meta name=\"robots\" content=\"index, follow, max-snippet:-1, max-image-preview:large, max-video-preview:-1\" \/>\n<link rel=\"canonical\" href=\"https:\/\/studyabroadta.com\/es\/contact\/\" \/>\n<meta property=\"og:locale\" content=\"es_ES\" \/>\n<meta property=\"og:type\" content=\"article\" \/>\n<meta property=\"og:title\" content=\"Contact - STUDY ABROAD TA\" \/>\n<meta property=\"og:description\" content=\"Study Abroad TA is a Tour Operator dedicated to creating educational experiences for youth in Europe and the Iberian Peninsula.\" \/>\n<meta property=\"og:url\" content=\"https:\/\/studyabroadta.com\/es\/contact\/\" \/>\n<meta property=\"og:site_name\" content=\"STUDY ABROAD TA\" \/>\n<meta property=\"article:modified_time\" content=\"2022-05-30T14:45:21+00:00\" \/>\n<meta name=\"twitter:card\" content=\"summary_large_image\" \/>\n<meta name=\"twitter:label1\" content=\"Tiempo de lectura\" \/>\n\t<meta name=\"twitter:data1\" content=\"1 minuto\" \/>\n<script type=\"application\/ld+json\" class=\"yoast-schema-graph\">{\"@context\":\"https:\/\/schema.org\",\"@graph\":[{\"@type\":\"WebPage\",\"@id\":\"https:\/\/studyabroadta.com\/contact\",\"url\":\"https:\/\/studyabroadta.com\/contact\",\"name\":\"Contact - STUDY ABROAD TA\",\"isPartOf\":{\"@id\":\"https:\/\/studyabroadta.com\/#website\"},\"datePublished\":\"2022-05-18T14:21:21+00:00\",\"dateModified\":\"2022-05-30T14:45:21+00:00\",\"description\":\"Study Abroad TA is a Tour Operator dedicated to creating educational experiences for youth in Europe and the Iberian Peninsula.\",\"breadcrumb\":{\"@id\":\"https:\/\/studyabroadta.com\/contact#breadcrumb\"},\"inLanguage\":\"es\",\"potentialAction\":[{\"@type\":\"ReadAction\",\"target\":[\"https:\/\/studyabroadta.com\/contact\"]}]},{\"@type\":\"BreadcrumbList\",\"@id\":\"https:\/\/studyabroadta.com\/contact#breadcrumb\",\"itemListElement\":[{\"@type\":\"ListItem\",\"position\":1,\"name\":\"Portada\",\"item\":\"https:\/\/studyabroadta.com\/\"},{\"@type\":\"ListItem\",\"position\":2,\"name\":\"Contact\"}]},{\"@type\":\"WebSite\",\"@id\":\"https:\/\/studyabroadta.com\/#website\",\"url\":\"https:\/\/studyabroadta.com\/\",\"name\":\"STUDY ABROAD TA\",\"description\":\"Just another WordPress site\",\"potentialAction\":[{\"@type\":\"SearchAction\",\"target\":{\"@type\":\"EntryPoint\",\"urlTemplate\":\"https:\/\/studyabroadta.com\/?s={search_term_string}\"},\"query-input\":\"required name=search_term_string\"}],\"inLanguage\":\"es\"}]}<\/script>\n<!-- \/ Yoast SEO plugin. -->","yoast_head_json":{"title":"Contact - STUDY ABROAD TA","description":"Study Abroad TA is a Tour Operator dedicated to creating educational experiences for youth in Europe and the Iberian Peninsula.","robots":{"index":"index","follow":"follow","max-snippet":"max-snippet:-1","max-image-preview":"max-image-preview:large","max-video-preview":"max-video-preview:-1"},"canonical":"https:\/\/studyabroadta.com\/es\/contact\/","og_locale":"es_ES","og_type":"article","og_title":"Contact - STUDY ABROAD TA","og_description":"Study Abroad TA is a Tour Operator dedicated to creating educational experiences for youth in Europe and the Iberian Peninsula.","og_url":"https:\/\/studyabroadta.com\/es\/contact\/","og_site_name":"STUDY ABROAD TA","article_modified_time":"2022-05-30T14:45:21+00:00","twitter_card":"summary_large_image","twitter_misc":{"Tiempo de lectura":"1 minuto"},"schema":{"@context":"https:\/\/schema.org","@graph":[{"@type":"WebPage","@id":"https:\/\/studyabroadta.com\/contact","url":"https:\/\/studyabroadta.com\/contact","name":"Contact - STUDY ABROAD TA","isPartOf":{"@id":"https:\/\/studyabroadta.com\/#website"},"datePublished":"2022-05-18T14:21:21+00:00","dateModified":"2022-05-30T14:45:21+00:00","description":"Study Abroad TA is a Tour Operator dedicated to creating educational experiences for youth in Europe and the Iberian Peninsula.","breadcrumb":{"@id":"https:\/\/studyabroadta.com\/contact#breadcrumb"},"inLanguage":"es","potentialAction":[{"@type":"ReadAction","target":["https:\/\/studyabroadta.com\/contact"]}]},{"@type":"BreadcrumbList","@id":"https:\/\/studyabroadta.com\/contact#breadcrumb","itemListElement":[{"@type":"ListItem","position":1,"name":"Portada","item":"https:\/\/studyabroadta.com\/"},{"@type":"ListItem","position":2,"name":"Contact"}]},{"@type":"WebSite","@id":"https:\/\/studyabroadta.com\/#website","url":"https:\/\/studyabroadta.com\/","name":"STUDY ABROAD TA","description":"Just another WordPress site","potentialAction":[{"@type":"SearchAction","target":{"@type":"EntryPoint","urlTemplate":"https:\/\/studyabroadta.com\/?s={search_term_string}"},"query-input":"required name=search_term_string"}],"inLanguage":"es"}]}},"jetpack-related-posts":[],"_links":{"self":[{"href":"https:\/\/studyabroadta.com\/es\/wp-json\/wp\/v2\/pages\/797"}],"collection":[{"href":"https:\/\/studyabroadta.com\/es\/wp-json\/wp\/v2\/pages"}],"about":[{"href":"https:\/\/studyabroadta.com\/es\/wp-json\/wp\/v2\/types\/page"}],"author":[{"embeddable":true,"href":"https:\/\/studyabroadta.com\/es\/wp-json\/wp\/v2\/users\/1"}],"replies":[{"embeddable":true,"href":"https:\/\/studyabroadta.com\/es\/wp-json\/wp\/v2\/comments?post=797"}],"version-history":[{"count":14,"href":"https:\/\/studyabroadta.com\/es\/wp-json\/wp\/v2\/pages\/797\/revisions"}],"predecessor-version":[{"id":1616,"href":"https:\/\/studyabroadta.com\/es\/wp-json\/wp\/v2\/pages\/797\/revisions\/1616"}],"wp:attachment":[{"href":"https:\/\/studyabroadta.com\/es\/wp-json\/wp\/v2\/media?parent=797"}],"curies":[{"name":"wp","href":"https:\/\/api.w.org\/{rel}","templated":true}]}}